{"id":613,"date":"2021-02-18T14:35:16","date_gmt":"2021-02-18T14:35:16","guid":{"rendered":"https:\/\/ielele.ro\/welcome-home\/"},"modified":"2021-11-18T12:41:29","modified_gmt":"2021-11-18T12:41:29","slug":"willkommen-zuhause","status":"publish","type":"page","link":"https:\/\/ielele.ro\/de\/willkommen-zuhause\/","title":{"rendered":"WILLKOMMEN ZUHAUSE"},"content":{"rendered":"<p>Am h\u00f6chsten Punkt in Smida, mit Blick auf das ganze Tal, freuen wir uns, Dich bei \u00abielele\u00bb begr\u00fc\u00dfen zu d\u00fcrfen &#8211; unserer Unterkunft. Sie besteht aus vier alten siebenb\u00fcrgischen Holzh\u00e4usern, die mit einer gesunden Mischung aus traditionellen Methoden, umweltfreundlichen Materialien und Tausenden von Stunden Handarbeit, vollst\u00e4ndig restauriert wurden. Sie stammen aus der Zeit, als H\u00e4user zerlegt, auf Pferdekutschen verladen und auf neue Weiden verlegt wurden. Man kann ein Haus f\u00fcr sich selbst mieten, oder eine all-inklusive, gef\u00fchrte Tour buchen. Wir k\u00f6nnen bis zu 14 G\u00e4ste beherbergen und traditionelle K\u00f6stlichkeiten anbieten.<\/p>\n<p>Der Name &#8211; ielele &#8211; ist inspiriert von den legend\u00e4ren rum\u00e4nischen Naturgeistern, die die Form sch\u00f6ner junger Frauen annehmen, die manchmal unter Vollmond im Wald tanzen. Sie sind sch\u00fctzend, schmerzlindernd, aber auch verteidigend und tief eingewoben in die faszinierende rum\u00e4nische Folklore. Jedes unserer H\u00e4user wird von einem solchen Naturgeist gesch\u00fctzt \ud83d\ude0a<\/p>\n","protected":false},"excerpt":{"rendered":"<p>Wir k\u00f6nnen es kaum erwarten, Dich in unserem Haus begr\u00fc\u00dfen zu d\u00fcrfen! Oder besser gesagt in unseren H\u00e4usern! \ud83d\ude0a<br \/>\nSie sind ein gro\u00dfer Teil von ielele Adventures, der dein Erlebnis mit uns komplett machen soll!<\/p>\n","protected":false},"author":1,"featured_media":590,"parent":0,"menu_order":0,"comment_status":"closed","ping_status":"closed","template":"template-welcome.php","meta":{"footnotes":""},"class_list":["post-613","page","type-page","status-publish","has-post-thumbnail","hentry"],"_links":{"self":[{"href":"https:\/\/ielele.ro\/de\/wp-json\/wp\/v2\/pages\/613","targetHints":{"allow":["GET"]}}],"collection":[{"href":"https:\/\/ielele.ro\/de\/wp-json\/wp\/v2\/pages"}],"about":[{"href":"https:\/\/ielele.ro\/de\/wp-json\/wp\/v2\/types\/page"}],"author":[{"embeddable":true,"href":"https:\/\/ielele.ro\/de\/wp-json\/wp\/v2\/users\/1"}],"replies":[{"embeddable":true,"href":"https:\/\/ielele.ro\/de\/wp-json\/wp\/v2\/comments?post=613"}],"version-history":[{"count":5,"href":"https:\/\/ielele.ro\/de\/wp-json\/wp\/v2\/pages\/613\/revisions"}],"predecessor-version":[{"id":863,"href":"https:\/\/ielele.ro\/de\/wp-json\/wp\/v2\/pages\/613\/revisions\/863"}],"wp:featuredmedia":[{"embeddable":true,"href":"https:\/\/ielele.ro\/de\/wp-json\/wp\/v2\/media\/590"}],"wp:attachment":[{"href":"https:\/\/ielele.ro\/de\/wp-json\/wp\/v2\/media?parent=613"}],"curies":[{"name":"wp","href":"https:\/\/api.w.org\/{rel}","templated":true}]}}