{"id":558,"date":"2021-03-04T19:23:11","date_gmt":"2021-03-04T19:23:11","guid":{"rendered":"https:\/\/ielele.ro\/book-your-adventure-here\/"},"modified":"2021-07-19T10:06:48","modified_gmt":"2021-07-19T10:06:48","slug":"buche-dein-abenteuer-hier","status":"publish","type":"page","link":"https:\/\/ielele.ro\/de\/buche-dein-abenteuer-hier\/","title":{"rendered":"buche dein abenteuer hier"},"content":{"rendered":"<p>Bitte f\u00fcllen Sie das Formular aus und wir werden uns so schnell wie m\u00f6glich mit Ihnen in Verbindung setzen, um alle Details f\u00fcr Ihre Buchungsanfrage zu kl\u00e4ren.<\/p>\n","protected":false},"excerpt":{"rendered":"<p>Bitte f\u00fcllen Sie das Formular aus und wir werden uns so schnell wie m\u00f6glich mit Ihnen in Verbindung setzen, um alle Details f\u00fcr Ihre Buchungsanfrage zu kl\u00e4ren.<\/p>\n","protected":false},"author":1,"featured_media":0,"parent":0,"menu_order":0,"comment_status":"closed","ping_status":"closed","template":"template-bookYourAdventure.php","meta":{"footnotes":""},"class_list":["post-558","page","type-page","status-publish","hentry"],"_links":{"self":[{"href":"https:\/\/ielele.ro\/de\/wp-json\/wp\/v2\/pages\/558","targetHints":{"allow":["GET"]}}],"collection":[{"href":"https:\/\/ielele.ro\/de\/wp-json\/wp\/v2\/pages"}],"about":[{"href":"https:\/\/ielele.ro\/de\/wp-json\/wp\/v2\/types\/page"}],"author":[{"embeddable":true,"href":"https:\/\/ielele.ro\/de\/wp-json\/wp\/v2\/users\/1"}],"replies":[{"embeddable":true,"href":"https:\/\/ielele.ro\/de\/wp-json\/wp\/v2\/comments?post=558"}],"version-history":[{"count":4,"href":"https:\/\/ielele.ro\/de\/wp-json\/wp\/v2\/pages\/558\/revisions"}],"predecessor-version":[{"id":842,"href":"https:\/\/ielele.ro\/de\/wp-json\/wp\/v2\/pages\/558\/revisions\/842"}],"wp:attachment":[{"href":"https:\/\/ielele.ro\/de\/wp-json\/wp\/v2\/media?parent=558"}],"curies":[{"name":"wp","href":"https:\/\/api.w.org\/{rel}","templated":true}]}}