{"id":551,"date":"2021-02-16T15:31:43","date_gmt":"2021-02-16T15:31:43","guid":{"rendered":"https:\/\/ielele.ro\/choose-your-adventure\/"},"modified":"2021-07-19T07:41:26","modified_gmt":"2021-07-19T07:41:26","slug":"waehle-dein-abenteuer","status":"publish","type":"page","link":"https:\/\/ielele.ro\/de\/waehle-dein-abenteuer\/","title":{"rendered":"W\u00c4HLE DEIN ABENTEUER"},"content":{"rendered":"<p>Scrolle nach unten, um mehr \u00fcber die Outdoor-Aktivit\u00e4ten zu erfahren, die wir f\u00fcr Dich geplant haben.<\/p>\n","protected":false},"excerpt":{"rendered":"<p>Scrolle nach unten, um mehr \u00fcber die Outdoor-Aktivit\u00e4ten zu erfahren, die wir f\u00fcr Dich geplant haben.<\/p>\n","protected":false},"author":1,"featured_media":0,"parent":0,"menu_order":0,"comment_status":"closed","ping_status":"closed","template":"template-chooseAdventure.php","meta":{"footnotes":""},"class_list":["post-551","page","type-page","status-publish","hentry"],"_links":{"self":[{"href":"https:\/\/ielele.ro\/de\/wp-json\/wp\/v2\/pages\/551","targetHints":{"allow":["GET"]}}],"collection":[{"href":"https:\/\/ielele.ro\/de\/wp-json\/wp\/v2\/pages"}],"about":[{"href":"https:\/\/ielele.ro\/de\/wp-json\/wp\/v2\/types\/page"}],"author":[{"embeddable":true,"href":"https:\/\/ielele.ro\/de\/wp-json\/wp\/v2\/users\/1"}],"replies":[{"embeddable":true,"href":"https:\/\/ielele.ro\/de\/wp-json\/wp\/v2\/comments?post=551"}],"version-history":[{"count":4,"href":"https:\/\/ielele.ro\/de\/wp-json\/wp\/v2\/pages\/551\/revisions"}],"predecessor-version":[{"id":827,"href":"https:\/\/ielele.ro\/de\/wp-json\/wp\/v2\/pages\/551\/revisions\/827"}],"wp:attachment":[{"href":"https:\/\/ielele.ro\/de\/wp-json\/wp\/v2\/media?parent=551"}],"curies":[{"name":"wp","href":"https:\/\/api.w.org\/{rel}","templated":true}]}}